{"id":2023,"date":"2022-08-25T20:23:26","date_gmt":"2022-08-25T20:23:26","guid":{"rendered":"https:\/\/amq-inc.com\/bourse-detudes\/"},"modified":"2025-07-28T19:57:32","modified_gmt":"2025-07-28T19:57:32","slug":"scholarships","status":"publish","type":"page","link":"https:\/\/amq-inc.com\/en\/scholarships\/","title":{"rendered":"Scholarship"},"content":{"rendered":"\n<h2 class=\"wp-block-heading\">Mining industry scholarship<\/h2>\n\n\n\n<p>The Qu\u00e9bec Mining Association sponsors a scholarship program to encourage and provide financial assistance for Qu\u00e9bec universities students in the earth sciences and related fields.<\/p>\n\n\n\n<p>This year will be awarded one scholarship of $3,000. <\/p>\n\n\n\n<h3 class=\"wp-block-heading\">2024 winners<\/h3>\n\n\n\n<ul class=\"wp-block-list\">\n<li>Alix Xiang Claing &#8211; Bachelor of Mining Engineering &#8211; Polytechnique Montr\u00e9al<\/li>\n<\/ul>\n\n\n\n<ul class=\"wp-block-list\">\n<li>Alexis Desmarais &#8211; Bachelor of Earth and Atmospheric Sciences, concentration in geology &#8211; Universit\u00e9 du Qu\u00e9bec \u00e0 Montr\u00e9al<\/li>\n<\/ul>\n\n\n\n<ul class=\"wp-block-list\">\n<li>Bastien Guillemette-Gr\u00e9goire &#8211; Bachelor of Materials and Metallurgy Engineering &#8211; Universit\u00e9 Laval<\/li>\n<\/ul>\n\n\n\n<h3 class=\"wp-block-heading\">Eligibility criteria<\/h3>\n\n\n\n<ul class=\"wp-block-list\">\n<li>Be enrolled as an undergraduated student in one of the following university-level programs in Qu\u00e9bec<\/li>\n\n\n\n<li>Mine engineering<\/li>\n\n\n\n<li>Geology<\/li>\n\n\n\n<li>Mineral Processing<\/li>\n\n\n\n<li>Metallurgy<\/li>\n\n\n\n<li>Be a Canadian citizen or permanent resident<\/li>\n\n\n\n<li>Be domiciled in Qu\u00e9bec<\/li>\n\n\n\n<li>Submit a scholarship application before October 2nd, 2024<\/li>\n<\/ul>\n\n\n\n<h3 class=\"wp-block-heading\">Selection criteria<\/h3>\n\n\n\n<ul class=\"wp-block-list\">\n<li>Academic results<\/li>\n\n\n\n<li>Previous summer jobs&nbsp;<\/li>\n\n\n\n<li>Individual needs \u2013 other scholarships received<\/li>\n\n\n\n<li>Activities and involvement in the community<\/li>\n\n\n\n<li>Career projects<\/li>\n\n\n\n<li>Quality of application file<\/li>\n\n\n\n<li>Submit an application<\/li>\n<\/ul>\n\n\n\n<div class=\"wp-block-buttons is-layout-flex wp-block-buttons-is-layout-flex\">\n<div class=\"wp-block-button\"><a class=\"wp-block-button__link wp-element-button\" href=\"https:\/\/amq-inc.com\/wp-content\/uploads\/2025\/07\/formulaire-bourse-claude-drouin-version-automne-2025editableang.pdf\"><strong>Submit an application<\/strong><\/a><\/div>\n<\/div>\n\n\n\n<div style=\"height:67px\" aria-hidden=\"true\" class=\"wp-block-spacer\"><\/div>\n\n\n\n<h2 class=\"wp-block-heading\">Claude-drouin postgraduate research scholarship<\/h2>\n\n\n\n<p>A $4,000 postgraduate research scholarship awarded by the Claude-Drouin Foundation is available for Master\u2019s and doctoral-level students working in a research field.<\/p>\n\n\n\n<h3 class=\"wp-block-heading\">Winner 2024<\/h3>\n\n\n\n<ul class=\"wp-block-list\">\n<li>Paulo Alfonso Bermudez Gomez &#8211; Master&#8217;s degree &#8211; Engineering program and specialization &#8211; Mining Engineering &#8211; McGill University<\/li>\n<\/ul>\n\n\n\n<h3 class=\"wp-block-heading\">Eligibility criteria<\/h3>\n\n\n\n<ul class=\"wp-block-list\">\n<li>Be registered full-time at a Qu\u00e9bec university in a Master\u2019s or Doctoral program in a technology research field<\/li>\n\n\n\n<li>Be a Canadian citizen or landed immigrant<\/li>\n\n\n\n<li>Be domiciled in Qu\u00e9bec<\/li>\n\n\n\n<li>Submit a scholarship application before October 2nd, 2024.<\/li>\n<\/ul>\n\n\n\n<h3 class=\"wp-block-heading\">Selection criteria<\/h3>\n\n\n\n<ul class=\"wp-block-list\">\n<li>Demonstrated interest in research and development in the mining sector<\/li>\n\n\n\n<li>Career project<\/li>\n\n\n\n<li>Cooperation or involvement with the mining industry during the research<\/li>\n\n\n\n<li>Quality of references<\/li>\n\n\n\n<li>Quality of file presentation<\/li>\n\n\n\n<li>Submit an application<\/li>\n<\/ul>\n\n\n\n<div class=\"wp-block-buttons is-layout-flex wp-block-buttons-is-layout-flex\">\n<div class=\"wp-block-button\"><a class=\"wp-block-button__link wp-element-button\" href=\"https:\/\/acrobat.adobe.com\/id\/urn:aaid:sc:VA6C2:58853dab-50e8-4d87-9943-5ebc4941c63c\" target=\"_blank\" rel=\"noreferrer noopener\">Submit an application<\/a><\/div>\n<\/div>\n","protected":false},"excerpt":{"rendered":"<p>Mining industry scholarship The Qu\u00e9bec Mining Association sponsors a scholarship program to encourage and provide financial assistance for Qu\u00e9bec universities [&hellip;]<\/p>\n","protected":false},"author":1,"featured_media":0,"parent":0,"menu_order":0,"comment_status":"closed","ping_status":"closed","template":"","meta":{"_acf_changed":false,"footnotes":""},"class_list":["post-2023","page","type-page","status-publish","hentry"],"acf":[],"yoast_head":"<!-- This site is optimized with the Yoast SEO plugin v27.4 - https:\/\/yoast.com\/product\/yoast-seo-wordpress\/ -->\n<title>Association mini\u00e8re du Quebec | Bourse d\u2019\u00e9tudes<\/title>\n<meta name=\"description\" content=\"L\u2019AMQ parraine un programme de bourses d\u2019\u00e9tudes visant \u00e0 encourager et soutenir financi\u00e8rement les \u00e9tudiants\" \/>\n<meta name=\"robots\" content=\"index, follow, max-snippet:-1, max-image-preview:large, max-video-preview:-1\" \/>\n<link rel=\"canonical\" href=\"https:\/\/amq-inc.com\/en\/scholarships\/\" \/>\n<meta property=\"og:locale\" content=\"en_US\" \/>\n<meta property=\"og:type\" content=\"article\" \/>\n<meta property=\"og:title\" content=\"Association mini\u00e8re du Quebec | Bourse d\u2019\u00e9tudes\" \/>\n<meta property=\"og:description\" content=\"L\u2019AMQ parraine un programme de bourses d\u2019\u00e9tudes visant \u00e0 encourager et soutenir financi\u00e8rement les \u00e9tudiants\" \/>\n<meta property=\"og:url\" content=\"https:\/\/amq-inc.com\/en\/scholarships\/\" \/>\n<meta property=\"og:site_name\" content=\"Association Mini\u00e8re du Qu\u00e9bec\" \/>\n<meta property=\"article:modified_time\" content=\"2025-07-28T19:57:32+00:00\" \/>\n<meta property=\"og:image\" content=\"https:\/\/amq-inc.com\/wp-content\/uploads\/2022\/09\/amq-og.jpg\" \/>\n\t<meta property=\"og:image:width\" content=\"2400\" \/>\n\t<meta property=\"og:image:height\" content=\"1260\" \/>\n\t<meta property=\"og:image:type\" content=\"image\/jpeg\" \/>\n<meta name=\"twitter:card\" content=\"summary_large_image\" \/>\n<meta name=\"twitter:label1\" content=\"Est. reading time\" \/>\n\t<meta name=\"twitter:data1\" content=\"2 minutes\" \/>\n<!-- \/ Yoast SEO plugin. -->","yoast_head_json":{"title":"Association mini\u00e8re du Quebec | Bourse d\u2019\u00e9tudes","description":"L\u2019AMQ parraine un programme de bourses d\u2019\u00e9tudes visant \u00e0 encourager et soutenir financi\u00e8rement les \u00e9tudiants","robots":{"index":"index","follow":"follow","max-snippet":"max-snippet:-1","max-image-preview":"max-image-preview:large","max-video-preview":"max-video-preview:-1"},"canonical":"https:\/\/amq-inc.com\/en\/scholarships\/","og_locale":"en_US","og_type":"article","og_title":"Association mini\u00e8re du Quebec | Bourse d\u2019\u00e9tudes","og_description":"L\u2019AMQ parraine un programme de bourses d\u2019\u00e9tudes visant \u00e0 encourager et soutenir financi\u00e8rement les \u00e9tudiants","og_url":"https:\/\/amq-inc.com\/en\/scholarships\/","og_site_name":"Association Mini\u00e8re du Qu\u00e9bec","article_modified_time":"2025-07-28T19:57:32+00:00","og_image":[{"width":2400,"height":1260,"url":"https:\/\/amq-inc.com\/wp-content\/uploads\/2022\/09\/amq-og.jpg","type":"image\/jpeg"}],"twitter_card":"summary_large_image","twitter_misc":{"Est. reading time":"2 minutes"},"schema":{"@context":"https:\/\/schema.org","@graph":[{"@type":"WebPage","@id":"https:\/\/amq-inc.com\/en\/scholarships\/","url":"https:\/\/amq-inc.com\/en\/scholarships\/","name":"Association mini\u00e8re du Quebec | Bourse d\u2019\u00e9tudes","isPartOf":{"@id":"https:\/\/amq-inc.com\/en\/#website"},"datePublished":"2022-08-25T20:23:26+00:00","dateModified":"2025-07-28T19:57:32+00:00","description":"L\u2019AMQ parraine un programme de bourses d\u2019\u00e9tudes visant \u00e0 encourager et soutenir financi\u00e8rement les \u00e9tudiants","breadcrumb":{"@id":"https:\/\/amq-inc.com\/en\/scholarships\/#breadcrumb"},"inLanguage":"en-US","potentialAction":[{"@type":"ReadAction","target":["https:\/\/amq-inc.com\/en\/scholarships\/"]}]},{"@type":"BreadcrumbList","@id":"https:\/\/amq-inc.com\/en\/scholarships\/#breadcrumb","itemListElement":[{"@type":"ListItem","position":1,"name":"Accueil","item":"https:\/\/amq-inc.com\/en\/"},{"@type":"ListItem","position":2,"name":"Scholarship"}]},{"@type":"WebSite","@id":"https:\/\/amq-inc.com\/en\/#website","url":"https:\/\/amq-inc.com\/en\/","name":"Association Mini\u00e8re du Qu\u00e9bec","description":"","publisher":{"@id":"https:\/\/amq-inc.com\/en\/#organization"},"potentialAction":[{"@type":"SearchAction","target":{"@type":"EntryPoint","urlTemplate":"https:\/\/amq-inc.com\/en\/?s={search_term_string}"},"query-input":{"@type":"PropertyValueSpecification","valueRequired":true,"valueName":"search_term_string"}}],"inLanguage":"en-US"},{"@type":"Organization","@id":"https:\/\/amq-inc.com\/en\/#organization","name":"Association Mini\u00e8re du Qu\u00e9bec","url":"https:\/\/amq-inc.com\/en\/","logo":{"@type":"ImageObject","inLanguage":"en-US","@id":"https:\/\/amq-inc.com\/en\/#\/schema\/logo\/image\/","url":"https:\/\/amq-inc.com\/wp-content\/uploads\/2022\/05\/amq-logo.png","contentUrl":"https:\/\/amq-inc.com\/wp-content\/uploads\/2022\/05\/amq-logo.png","width":1200,"height":529,"caption":"Association Mini\u00e8re du Qu\u00e9bec"},"image":{"@id":"https:\/\/amq-inc.com\/en\/#\/schema\/logo\/image\/"}}]}},"_links":{"self":[{"href":"https:\/\/amq-inc.com\/en\/wp-json\/wp\/v2\/pages\/2023","targetHints":{"allow":["GET"]}}],"collection":[{"href":"https:\/\/amq-inc.com\/en\/wp-json\/wp\/v2\/pages"}],"about":[{"href":"https:\/\/amq-inc.com\/en\/wp-json\/wp\/v2\/types\/page"}],"author":[{"embeddable":true,"href":"https:\/\/amq-inc.com\/en\/wp-json\/wp\/v2\/users\/1"}],"replies":[{"embeddable":true,"href":"https:\/\/amq-inc.com\/en\/wp-json\/wp\/v2\/comments?post=2023"}],"version-history":[{"count":1,"href":"https:\/\/amq-inc.com\/en\/wp-json\/wp\/v2\/pages\/2023\/revisions"}],"predecessor-version":[{"id":5255,"href":"https:\/\/amq-inc.com\/en\/wp-json\/wp\/v2\/pages\/2023\/revisions\/5255"}],"wp:attachment":[{"href":"https:\/\/amq-inc.com\/en\/wp-json\/wp\/v2\/media?parent=2023"}],"curies":[{"name":"wp","href":"https:\/\/api.w.org\/{rel}","templated":true}]}}