{"id":2040,"date":"2022-06-26T14:25:33","date_gmt":"2022-06-26T14:25:33","guid":{"rendered":"https:\/\/amq-inc.com\/a-propos\/"},"modified":"2023-03-27T18:32:56","modified_gmt":"2023-03-27T18:32:56","slug":"about","status":"publish","type":"page","link":"https:\/\/amq-inc.com\/en\/about\/","title":{"rendered":"About"},"content":{"rendered":"\n<p>The Qu\u00e9bec Mining Association (QMA) was founded in 1936 and speaks for all mining companies producing metals and minerals and their constituent mines, metallurgy companies, mining contractors and junior mining companies established in Qu\u00e9bec. Members of the QMA are a majority of companies producing metals and industrial minerals in Qu\u00e9bec. Other members include suppliers, organizations, institutions and partners, who can participate in the Association\u2019s activities and take advantage of its credibility and notoriety. <\/p>\n\n\n\n<p>The QMA assures a strong voice in the media and all levels of government, elected officials and other stakeholders in order to defend its members\u2019 interests. It also works to bring together all the players in the mining industry, through regular events as well as networking activities.<\/p>\n\n\n\n<p><br><\/p>\n\n\n\n<h2 class=\"wp-block-heading\">More specifically, the Qu\u00e9bec Mining Association:<\/h2>\n\n\n\n<ul class=\"wp-block-list\"><li>Represents Qu\u00e9bec\u2019s mining industry in meetings with government officials on policies regarding mining<\/li><li>Encourages its members\u2019 work in the area of the environment, health and safety, research and technological development, training, human resources management, community relations, etc.<\/li><li>Promotes the general interests of the mining industry<\/li><li>Provides services to members companies<\/li><li>Communicates opinions, commitments, objectives and achievements of the Qu\u00e9bec\u2019s mining industry to various stakeholders<\/li><li>Maintains links with other associations, organizations and stakeholders<\/li><li>Intervenes in the media and in the public arena to defend the positions of Qu\u00e9bec\u2019s mining industry<\/li><\/ul>\n","protected":false},"excerpt":{"rendered":"<p>The Qu\u00e9bec Mining Association (QMA) was founded in 1936 and speaks for all mining companies producing metals and minerals and [&hellip;]<\/p>\n","protected":false},"author":1,"featured_media":0,"parent":0,"menu_order":0,"comment_status":"closed","ping_status":"closed","template":"","meta":{"_acf_changed":false,"footnotes":""},"class_list":["post-2040","page","type-page","status-publish","hentry"],"acf":[],"yoast_head":"<!-- This site is optimized with the Yoast SEO plugin v27.6 - https:\/\/yoast.com\/product\/yoast-seo-wordpress\/ -->\n<title>Association mini\u00e8re du Quebec | \u00c0 propos<\/title>\n<meta name=\"description\" content=\"D\u00e9couvrez l&#039;Association mini\u00e8re du Qu\u00e9bec\" \/>\n<meta name=\"robots\" content=\"index, follow, max-snippet:-1, max-image-preview:large, max-video-preview:-1\" \/>\n<link rel=\"canonical\" href=\"https:\/\/amq-inc.com\/en\/about\/\" \/>\n<meta property=\"og:locale\" content=\"en_US\" \/>\n<meta property=\"og:type\" content=\"article\" \/>\n<meta property=\"og:title\" content=\"Association mini\u00e8re du Quebec | \u00c0 propos\" \/>\n<meta property=\"og:description\" content=\"D\u00e9couvrez l&#039;Association mini\u00e8re du Qu\u00e9bec\" \/>\n<meta property=\"og:url\" content=\"https:\/\/amq-inc.com\/en\/about\/\" \/>\n<meta property=\"og:site_name\" content=\"Association Mini\u00e8re du Qu\u00e9bec\" \/>\n<meta property=\"article:modified_time\" content=\"2023-03-27T18:32:56+00:00\" \/>\n<meta property=\"og:image\" content=\"https:\/\/amq-inc.com\/wp-content\/uploads\/2022\/09\/amq-og.jpg\" \/>\n\t<meta property=\"og:image:width\" content=\"2400\" \/>\n\t<meta property=\"og:image:height\" content=\"1260\" \/>\n\t<meta property=\"og:image:type\" content=\"image\/jpeg\" \/>\n<meta name=\"twitter:card\" content=\"summary_large_image\" \/>\n<meta name=\"twitter:label1\" content=\"Est. reading time\" \/>\n\t<meta name=\"twitter:data1\" content=\"2 minutes\" \/>\n<!-- \/ Yoast SEO plugin. -->","yoast_head_json":{"title":"Association mini\u00e8re du Quebec | \u00c0 propos","description":"D\u00e9couvrez l'Association mini\u00e8re du Qu\u00e9bec","robots":{"index":"index","follow":"follow","max-snippet":"max-snippet:-1","max-image-preview":"max-image-preview:large","max-video-preview":"max-video-preview:-1"},"canonical":"https:\/\/amq-inc.com\/en\/about\/","og_locale":"en_US","og_type":"article","og_title":"Association mini\u00e8re du Quebec | \u00c0 propos","og_description":"D\u00e9couvrez l'Association mini\u00e8re du Qu\u00e9bec","og_url":"https:\/\/amq-inc.com\/en\/about\/","og_site_name":"Association Mini\u00e8re du Qu\u00e9bec","article_modified_time":"2023-03-27T18:32:56+00:00","og_image":[{"width":2400,"height":1260,"url":"https:\/\/amq-inc.com\/wp-content\/uploads\/2022\/09\/amq-og.jpg","type":"image\/jpeg"}],"twitter_card":"summary_large_image","twitter_misc":{"Est. reading time":"2 minutes"},"schema":{"@context":"https:\/\/schema.org","@graph":[{"@type":"WebPage","@id":"https:\/\/amq-inc.com\/en\/about\/","url":"https:\/\/amq-inc.com\/en\/about\/","name":"Association mini\u00e8re du Quebec | \u00c0 propos","isPartOf":{"@id":"https:\/\/amq-inc.com\/en\/#website"},"datePublished":"2022-06-26T14:25:33+00:00","dateModified":"2023-03-27T18:32:56+00:00","description":"D\u00e9couvrez l'Association mini\u00e8re du Qu\u00e9bec","breadcrumb":{"@id":"https:\/\/amq-inc.com\/en\/about\/#breadcrumb"},"inLanguage":"en-US","potentialAction":[{"@type":"ReadAction","target":["https:\/\/amq-inc.com\/en\/about\/"]}]},{"@type":"BreadcrumbList","@id":"https:\/\/amq-inc.com\/en\/about\/#breadcrumb","itemListElement":[{"@type":"ListItem","position":1,"name":"Accueil","item":"https:\/\/amq-inc.com\/en\/"},{"@type":"ListItem","position":2,"name":"About"}]},{"@type":"WebSite","@id":"https:\/\/amq-inc.com\/en\/#website","url":"https:\/\/amq-inc.com\/en\/","name":"Association Mini\u00e8re du Qu\u00e9bec","description":"","publisher":{"@id":"https:\/\/amq-inc.com\/en\/#organization"},"potentialAction":[{"@type":"SearchAction","target":{"@type":"EntryPoint","urlTemplate":"https:\/\/amq-inc.com\/en\/?s={search_term_string}"},"query-input":{"@type":"PropertyValueSpecification","valueRequired":true,"valueName":"search_term_string"}}],"inLanguage":"en-US"},{"@type":"Organization","@id":"https:\/\/amq-inc.com\/en\/#organization","name":"Association Mini\u00e8re du Qu\u00e9bec","url":"https:\/\/amq-inc.com\/en\/","logo":{"@type":"ImageObject","inLanguage":"en-US","@id":"https:\/\/amq-inc.com\/en\/#\/schema\/logo\/image\/","url":"https:\/\/amq-inc.com\/wp-content\/uploads\/2022\/05\/amq-logo.png","contentUrl":"https:\/\/amq-inc.com\/wp-content\/uploads\/2022\/05\/amq-logo.png","width":1200,"height":529,"caption":"Association Mini\u00e8re du Qu\u00e9bec"},"image":{"@id":"https:\/\/amq-inc.com\/en\/#\/schema\/logo\/image\/"}}]}},"_links":{"self":[{"href":"https:\/\/amq-inc.com\/en\/wp-json\/wp\/v2\/pages\/2040","targetHints":{"allow":["GET"]}}],"collection":[{"href":"https:\/\/amq-inc.com\/en\/wp-json\/wp\/v2\/pages"}],"about":[{"href":"https:\/\/amq-inc.com\/en\/wp-json\/wp\/v2\/types\/page"}],"author":[{"embeddable":true,"href":"https:\/\/amq-inc.com\/en\/wp-json\/wp\/v2\/users\/1"}],"replies":[{"embeddable":true,"href":"https:\/\/amq-inc.com\/en\/wp-json\/wp\/v2\/comments?post=2040"}],"version-history":[{"count":2,"href":"https:\/\/amq-inc.com\/en\/wp-json\/wp\/v2\/pages\/2040\/revisions"}],"predecessor-version":[{"id":2042,"href":"https:\/\/amq-inc.com\/en\/wp-json\/wp\/v2\/pages\/2040\/revisions\/2042"}],"wp:attachment":[{"href":"https:\/\/amq-inc.com\/en\/wp-json\/wp\/v2\/media?parent=2040"}],"curies":[{"name":"wp","href":"https:\/\/api.w.org\/{rel}","templated":true}]}}