{"id":2043,"date":"2022-08-25T20:09:55","date_gmt":"2022-08-25T20:09:55","guid":{"rendered":"https:\/\/amq-inc.com\/mission-visions-valeur\/"},"modified":"2024-03-19T14:50:41","modified_gmt":"2024-03-19T14:50:41","slug":"mission-vision-and-values","status":"publish","type":"page","link":"https:\/\/amq-inc.com\/en\/mission-vision-and-values\/","title":{"rendered":"Mission, vision, values"},"content":{"rendered":"\n<h2 class=\"wp-block-heading\">Mission<\/h2>\n\n\n\n<p>Promote, support and proactively develop a responsible, committed and innovative mining industry in Qu\u00e9bec<\/p>\n\n\n\n<h2 class=\"wp-block-heading\">Vision 2030<\/h2>\n\n\n\n<p>In 2030, AMQ is recognized by its concern parties as the catalyst for the mining industry, inspiring its members to adopt an ethical approach and meet the highest environmental, social and governance standards.<\/p>\n\n\n\n<h2 class=\"wp-block-heading\">Values<\/h2>\n\n\n\n<p>Membership in the QMA entails compliance with the values of: <\/p>\n\n\n\n<ul class=\"wp-block-list\">\n<li>Respect <\/li>\n\n\n\n<li>Transparency <\/li>\n\n\n\n<li>Acting ethically<\/li>\n\n\n\n<li>Working with all concerned parties<\/li>\n<\/ul>\n","protected":false},"excerpt":{"rendered":"<p>Mission Promote, support and proactively develop a responsible, committed and innovative mining industry in Qu\u00e9bec Vision 2030 In 2030, AMQ [&hellip;]<\/p>\n","protected":false},"author":1,"featured_media":0,"parent":0,"menu_order":0,"comment_status":"closed","ping_status":"closed","template":"","meta":{"_acf_changed":false,"footnotes":""},"class_list":["post-2043","page","type-page","status-publish","hentry"],"acf":[],"yoast_head":"<!-- This site is optimized with the Yoast SEO plugin v27.4 - https:\/\/yoast.com\/product\/yoast-seo-wordpress\/ -->\n<title>Association mini\u00e8re du Quebec | Mission, visions, valeur<\/title>\n<meta name=\"description\" content=\"l\u2019AMQ a pour mission de promouvoir, soutenir et d\u00e9velopper de fa\u00e7on proactive une industrie min\u00e9rale qu\u00e9b\u00e9coise responsable, engag\u00e9e et innovante.\" \/>\n<meta name=\"robots\" content=\"index, follow, max-snippet:-1, max-image-preview:large, max-video-preview:-1\" \/>\n<link rel=\"canonical\" href=\"https:\/\/amq-inc.com\/en\/mission-vision-and-values\/\" \/>\n<meta property=\"og:locale\" content=\"en_US\" \/>\n<meta property=\"og:type\" content=\"article\" \/>\n<meta property=\"og:title\" content=\"Association mini\u00e8re du Quebec | Mission, visions, valeur\" \/>\n<meta property=\"og:description\" content=\"l\u2019AMQ a pour mission de promouvoir, soutenir et d\u00e9velopper de fa\u00e7on proactive une industrie min\u00e9rale qu\u00e9b\u00e9coise responsable, engag\u00e9e et innovante.\" \/>\n<meta property=\"og:url\" content=\"https:\/\/amq-inc.com\/en\/mission-vision-and-values\/\" \/>\n<meta property=\"og:site_name\" content=\"Association Mini\u00e8re du Qu\u00e9bec\" \/>\n<meta property=\"article:modified_time\" content=\"2024-03-19T14:50:41+00:00\" \/>\n<meta property=\"og:image\" content=\"https:\/\/amq-inc.com\/wp-content\/uploads\/2022\/09\/amq-og.jpg\" \/>\n\t<meta property=\"og:image:width\" content=\"2400\" \/>\n\t<meta property=\"og:image:height\" content=\"1260\" \/>\n\t<meta property=\"og:image:type\" content=\"image\/jpeg\" \/>\n<meta name=\"twitter:card\" content=\"summary_large_image\" \/>\n<meta name=\"twitter:label1\" content=\"Est. reading time\" \/>\n\t<meta name=\"twitter:data1\" content=\"1 minute\" \/>\n<!-- \/ Yoast SEO plugin. -->","yoast_head_json":{"title":"Association mini\u00e8re du Quebec | Mission, visions, valeur","description":"l\u2019AMQ a pour mission de promouvoir, soutenir et d\u00e9velopper de fa\u00e7on proactive une industrie min\u00e9rale qu\u00e9b\u00e9coise responsable, engag\u00e9e et innovante.","robots":{"index":"index","follow":"follow","max-snippet":"max-snippet:-1","max-image-preview":"max-image-preview:large","max-video-preview":"max-video-preview:-1"},"canonical":"https:\/\/amq-inc.com\/en\/mission-vision-and-values\/","og_locale":"en_US","og_type":"article","og_title":"Association mini\u00e8re du Quebec | Mission, visions, valeur","og_description":"l\u2019AMQ a pour mission de promouvoir, soutenir et d\u00e9velopper de fa\u00e7on proactive une industrie min\u00e9rale qu\u00e9b\u00e9coise responsable, engag\u00e9e et innovante.","og_url":"https:\/\/amq-inc.com\/en\/mission-vision-and-values\/","og_site_name":"Association Mini\u00e8re du Qu\u00e9bec","article_modified_time":"2024-03-19T14:50:41+00:00","og_image":[{"width":2400,"height":1260,"url":"https:\/\/amq-inc.com\/wp-content\/uploads\/2022\/09\/amq-og.jpg","type":"image\/jpeg"}],"twitter_card":"summary_large_image","twitter_misc":{"Est. reading time":"1 minute"},"schema":{"@context":"https:\/\/schema.org","@graph":[{"@type":"WebPage","@id":"https:\/\/amq-inc.com\/en\/mission-vision-and-values\/","url":"https:\/\/amq-inc.com\/en\/mission-vision-and-values\/","name":"Association mini\u00e8re du Quebec | Mission, visions, valeur","isPartOf":{"@id":"https:\/\/amq-inc.com\/en\/#website"},"datePublished":"2022-08-25T20:09:55+00:00","dateModified":"2024-03-19T14:50:41+00:00","description":"l\u2019AMQ a pour mission de promouvoir, soutenir et d\u00e9velopper de fa\u00e7on proactive une industrie min\u00e9rale qu\u00e9b\u00e9coise responsable, engag\u00e9e et innovante.","breadcrumb":{"@id":"https:\/\/amq-inc.com\/en\/mission-vision-and-values\/#breadcrumb"},"inLanguage":"en-US","potentialAction":[{"@type":"ReadAction","target":["https:\/\/amq-inc.com\/en\/mission-vision-and-values\/"]}]},{"@type":"BreadcrumbList","@id":"https:\/\/amq-inc.com\/en\/mission-vision-and-values\/#breadcrumb","itemListElement":[{"@type":"ListItem","position":1,"name":"Accueil","item":"https:\/\/amq-inc.com\/en\/"},{"@type":"ListItem","position":2,"name":"Mission, vision, values"}]},{"@type":"WebSite","@id":"https:\/\/amq-inc.com\/en\/#website","url":"https:\/\/amq-inc.com\/en\/","name":"Association Mini\u00e8re du Qu\u00e9bec","description":"","publisher":{"@id":"https:\/\/amq-inc.com\/en\/#organization"},"potentialAction":[{"@type":"SearchAction","target":{"@type":"EntryPoint","urlTemplate":"https:\/\/amq-inc.com\/en\/?s={search_term_string}"},"query-input":{"@type":"PropertyValueSpecification","valueRequired":true,"valueName":"search_term_string"}}],"inLanguage":"en-US"},{"@type":"Organization","@id":"https:\/\/amq-inc.com\/en\/#organization","name":"Association Mini\u00e8re du Qu\u00e9bec","url":"https:\/\/amq-inc.com\/en\/","logo":{"@type":"ImageObject","inLanguage":"en-US","@id":"https:\/\/amq-inc.com\/en\/#\/schema\/logo\/image\/","url":"https:\/\/amq-inc.com\/wp-content\/uploads\/2022\/05\/amq-logo.png","contentUrl":"https:\/\/amq-inc.com\/wp-content\/uploads\/2022\/05\/amq-logo.png","width":1200,"height":529,"caption":"Association Mini\u00e8re du Qu\u00e9bec"},"image":{"@id":"https:\/\/amq-inc.com\/en\/#\/schema\/logo\/image\/"}}]}},"_links":{"self":[{"href":"https:\/\/amq-inc.com\/en\/wp-json\/wp\/v2\/pages\/2043","targetHints":{"allow":["GET"]}}],"collection":[{"href":"https:\/\/amq-inc.com\/en\/wp-json\/wp\/v2\/pages"}],"about":[{"href":"https:\/\/amq-inc.com\/en\/wp-json\/wp\/v2\/types\/page"}],"author":[{"embeddable":true,"href":"https:\/\/amq-inc.com\/en\/wp-json\/wp\/v2\/users\/1"}],"replies":[{"embeddable":true,"href":"https:\/\/amq-inc.com\/en\/wp-json\/wp\/v2\/comments?post=2043"}],"version-history":[{"count":2,"href":"https:\/\/amq-inc.com\/en\/wp-json\/wp\/v2\/pages\/2043\/revisions"}],"predecessor-version":[{"id":3869,"href":"https:\/\/amq-inc.com\/en\/wp-json\/wp\/v2\/pages\/2043\/revisions\/3869"}],"wp:attachment":[{"href":"https:\/\/amq-inc.com\/en\/wp-json\/wp\/v2\/media?parent=2043"}],"curies":[{"name":"wp","href":"https:\/\/api.w.org\/{rel}","templated":true}]}}