{"id":2081,"date":"2022-08-25T20:24:20","date_gmt":"2022-08-25T20:24:20","guid":{"rendered":"https:\/\/amq-inc.com\/covid-19\/"},"modified":"2023-02-23T15:47:59","modified_gmt":"2023-02-23T15:47:59","slug":"covid-19","status":"publish","type":"page","link":"https:\/\/amq-inc.com\/en\/covid-19\/","title":{"rendered":"Covid-19"},"content":{"rendered":"\n<p>The Qu\u00e9bec Mining Association and its members ensure that mining takes place in a way that ensures respect for workers and their health and safety, as well as the health and safety of their families and the general public. No compromises are made in this area. <\/p>\n\n\n\n<p>To achieve this goal, mining companies will intervene at, or before, mine site entrances to restrict access to people who present no risk of spreading COVID-19 and do not belong to a high-risk group. For more information, <a href=\"https:\/\/www.inspq.qc.ca\/sites\/default\/files\/covid\/2976-travailleur-secteur-exploitation-miniere-covid19.pdf\" target=\"_blank\" rel=\"noreferrer noopener\">click here<\/a>.<\/p>\n\n\n\n<p><\/p>\n","protected":false},"excerpt":{"rendered":"<p>The Qu\u00e9bec Mining Association and its members ensure that mining takes place in a way that ensures respect for workers [&hellip;]<\/p>\n","protected":false},"author":1,"featured_media":0,"parent":0,"menu_order":0,"comment_status":"closed","ping_status":"closed","template":"","meta":{"_acf_changed":false,"footnotes":""},"class_list":["post-2081","page","type-page","status-publish","hentry"],"acf":[],"yoast_head":"<!-- This site is optimized with the Yoast SEO plugin v27.4 - https:\/\/yoast.com\/product\/yoast-seo-wordpress\/ -->\n<title>L\u2019industrie mini\u00e8re du Qu\u00e9bec | Covid-19<\/title>\n<meta name=\"description\" content=\"L\u2019AMQ s\u2019assurent que les op\u00e9rations mini\u00e8res se d\u00e9roulent dans le respect des travailleurs, de leur sant\u00e9 et de leur s\u00e9curit\u00e9.\" \/>\n<meta name=\"robots\" content=\"index, follow, max-snippet:-1, max-image-preview:large, max-video-preview:-1\" \/>\n<link rel=\"canonical\" href=\"https:\/\/amq-inc.com\/en\/covid-19\/\" \/>\n<meta property=\"og:locale\" content=\"en_US\" \/>\n<meta property=\"og:type\" content=\"article\" \/>\n<meta property=\"og:title\" content=\"L\u2019industrie mini\u00e8re du Qu\u00e9bec | Covid-19\" \/>\n<meta property=\"og:description\" content=\"L\u2019AMQ s\u2019assurent que les op\u00e9rations mini\u00e8res se d\u00e9roulent dans le respect des travailleurs, de leur sant\u00e9 et de leur s\u00e9curit\u00e9.\" \/>\n<meta property=\"og:url\" content=\"https:\/\/amq-inc.com\/en\/covid-19\/\" \/>\n<meta property=\"og:site_name\" content=\"Association Mini\u00e8re du Qu\u00e9bec\" \/>\n<meta property=\"article:modified_time\" content=\"2023-02-23T15:47:59+00:00\" \/>\n<meta property=\"og:image\" content=\"https:\/\/amq-inc.com\/wp-content\/uploads\/2022\/09\/amq-og.jpg\" \/>\n\t<meta property=\"og:image:width\" content=\"2400\" \/>\n\t<meta property=\"og:image:height\" content=\"1260\" \/>\n\t<meta property=\"og:image:type\" content=\"image\/jpeg\" \/>\n<meta name=\"twitter:card\" content=\"summary_large_image\" \/>\n<meta name=\"twitter:label1\" content=\"Est. reading time\" \/>\n\t<meta name=\"twitter:data1\" content=\"1 minute\" \/>\n<!-- \/ Yoast SEO plugin. -->","yoast_head_json":{"title":"L\u2019industrie mini\u00e8re du Qu\u00e9bec | Covid-19","description":"L\u2019AMQ s\u2019assurent que les op\u00e9rations mini\u00e8res se d\u00e9roulent dans le respect des travailleurs, de leur sant\u00e9 et de leur s\u00e9curit\u00e9.","robots":{"index":"index","follow":"follow","max-snippet":"max-snippet:-1","max-image-preview":"max-image-preview:large","max-video-preview":"max-video-preview:-1"},"canonical":"https:\/\/amq-inc.com\/en\/covid-19\/","og_locale":"en_US","og_type":"article","og_title":"L\u2019industrie mini\u00e8re du Qu\u00e9bec | Covid-19","og_description":"L\u2019AMQ s\u2019assurent que les op\u00e9rations mini\u00e8res se d\u00e9roulent dans le respect des travailleurs, de leur sant\u00e9 et de leur s\u00e9curit\u00e9.","og_url":"https:\/\/amq-inc.com\/en\/covid-19\/","og_site_name":"Association Mini\u00e8re du Qu\u00e9bec","article_modified_time":"2023-02-23T15:47:59+00:00","og_image":[{"width":2400,"height":1260,"url":"https:\/\/amq-inc.com\/wp-content\/uploads\/2022\/09\/amq-og.jpg","type":"image\/jpeg"}],"twitter_card":"summary_large_image","twitter_misc":{"Est. reading time":"1 minute"},"schema":{"@context":"https:\/\/schema.org","@graph":[{"@type":"WebPage","@id":"https:\/\/amq-inc.com\/en\/covid-19\/","url":"https:\/\/amq-inc.com\/en\/covid-19\/","name":"L\u2019industrie mini\u00e8re du Qu\u00e9bec | Covid-19","isPartOf":{"@id":"https:\/\/amq-inc.com\/en\/#website"},"datePublished":"2022-08-25T20:24:20+00:00","dateModified":"2023-02-23T15:47:59+00:00","description":"L\u2019AMQ s\u2019assurent que les op\u00e9rations mini\u00e8res se d\u00e9roulent dans le respect des travailleurs, de leur sant\u00e9 et de leur s\u00e9curit\u00e9.","breadcrumb":{"@id":"https:\/\/amq-inc.com\/en\/covid-19\/#breadcrumb"},"inLanguage":"en-US","potentialAction":[{"@type":"ReadAction","target":["https:\/\/amq-inc.com\/en\/covid-19\/"]}]},{"@type":"BreadcrumbList","@id":"https:\/\/amq-inc.com\/en\/covid-19\/#breadcrumb","itemListElement":[{"@type":"ListItem","position":1,"name":"Accueil","item":"https:\/\/amq-inc.com\/en\/"},{"@type":"ListItem","position":2,"name":"Covid-19"}]},{"@type":"WebSite","@id":"https:\/\/amq-inc.com\/en\/#website","url":"https:\/\/amq-inc.com\/en\/","name":"Association Mini\u00e8re du Qu\u00e9bec","description":"","publisher":{"@id":"https:\/\/amq-inc.com\/en\/#organization"},"potentialAction":[{"@type":"SearchAction","target":{"@type":"EntryPoint","urlTemplate":"https:\/\/amq-inc.com\/en\/?s={search_term_string}"},"query-input":{"@type":"PropertyValueSpecification","valueRequired":true,"valueName":"search_term_string"}}],"inLanguage":"en-US"},{"@type":"Organization","@id":"https:\/\/amq-inc.com\/en\/#organization","name":"Association Mini\u00e8re du Qu\u00e9bec","url":"https:\/\/amq-inc.com\/en\/","logo":{"@type":"ImageObject","inLanguage":"en-US","@id":"https:\/\/amq-inc.com\/en\/#\/schema\/logo\/image\/","url":"https:\/\/amq-inc.com\/wp-content\/uploads\/2022\/05\/amq-logo.png","contentUrl":"https:\/\/amq-inc.com\/wp-content\/uploads\/2022\/05\/amq-logo.png","width":1200,"height":529,"caption":"Association Mini\u00e8re du Qu\u00e9bec"},"image":{"@id":"https:\/\/amq-inc.com\/en\/#\/schema\/logo\/image\/"}}]}},"_links":{"self":[{"href":"https:\/\/amq-inc.com\/en\/wp-json\/wp\/v2\/pages\/2081","targetHints":{"allow":["GET"]}}],"collection":[{"href":"https:\/\/amq-inc.com\/en\/wp-json\/wp\/v2\/pages"}],"about":[{"href":"https:\/\/amq-inc.com\/en\/wp-json\/wp\/v2\/types\/page"}],"author":[{"embeddable":true,"href":"https:\/\/amq-inc.com\/en\/wp-json\/wp\/v2\/users\/1"}],"replies":[{"embeddable":true,"href":"https:\/\/amq-inc.com\/en\/wp-json\/wp\/v2\/comments?post=2081"}],"version-history":[{"count":2,"href":"https:\/\/amq-inc.com\/en\/wp-json\/wp\/v2\/pages\/2081\/revisions"}],"predecessor-version":[{"id":2084,"href":"https:\/\/amq-inc.com\/en\/wp-json\/wp\/v2\/pages\/2081\/revisions\/2084"}],"wp:attachment":[{"href":"https:\/\/amq-inc.com\/en\/wp-json\/wp\/v2\/media?parent=2081"}],"curies":[{"name":"wp","href":"https:\/\/api.w.org\/{rel}","templated":true}]}}