{"id":401,"date":"2022-08-18T00:01:04","date_gmt":"2022-08-18T00:01:04","guid":{"rendered":"https:\/\/amq-inc.com\/devenir-membre\/"},"modified":"2023-02-24T14:10:00","modified_gmt":"2023-02-24T14:10:00","slug":"become-a-member","status":"publish","type":"page","link":"https:\/\/amq-inc.com\/en\/become-a-member\/","title":{"rendered":"Become a member"},"content":{"rendered":"\n<h2 class=\"wp-block-heading\">Members<\/h2>\n\n\n\n<p>The Qu\u00e9bec Mining Association has a membership of around sixty mining companies. Since 1936, the QMA has represented mining companies involved in metals and minerals production, metallurgy companies, mining contractors and junior mining companies throughout Qu\u00e9bec. Its membership comprises a majority of the companies producing metals and industrial minerals in Qu\u00e9bec.&nbsp;<\/p>\n\n\n\n<p>QMA membership is also open to suppliers of products and services, institutions or organizations whose mission is connected with mining, and other legal persons who act as industry partners. All QMA members are required to implement TSM at their facilities. To learn more about TSM, click here.<\/p>\n\n\n\n<p>All QMA members benefit from the credibility and visibility of the Association, which<\/p>\n\n\n\n<div style=\"height:53px\" aria-hidden=\"true\" class=\"wp-block-spacer\"><\/div>\n\n\n\n<h2 class=\"wp-block-heading\">Membership categories and benefits \/ services offered<\/h2>\n\n\n\n<h3 class=\"wp-block-heading\">Operating mines, treatment and refining facilities<\/h3>\n\n\n\n<p>Any legal person operating a mine, developing a mine, or treating or handling ore and refining metals in Qu\u00e9bec, that meets the eligibility criteria and to which the Board, on request, grants the status of Category A member.<\/p>\n\n\n\n<div class=\"imedia-accordion collapsed\"><button role=\"button\" class=\"imedia-accordion__title\">Advantages\/services available:<\/button><div class=\"imedia-accordion__content\">\n<p>11 seats on the Board of Directors;<br>Voting member of the Board of Directors;<br>Vote at annual general meetings;<br>Representation by the QMA on major issues;<br>Support from the QMA for its activities (training, information, etc.);<br>Possibility of joining its working committees;<br>Access to training sessions and seminars;<br>Access to compliance audits;<br>Access to networking activities;<br>Complete access for reserved members section on the website;<br>Subscription to newsletters and other news items sent to members;<br>Visibility on the QMA website;<br>Reduced rate for QMA activities.<\/p>\n<\/div><\/div>\n\n\n\n<div class=\"imedia-accordion collapsed\"><button role=\"button\" class=\"imedia-accordion__title\">Annual fee<\/button><div class=\"imedia-accordion__content\">\n<p>The annual fee is based on the total payroll subject to assessment at the CNESST.<\/p>\n<\/div><\/div>\n\n\n\n<div style=\"height:100px\" aria-hidden=\"true\" class=\"wp-block-spacer\"><\/div>\n\n\n\n<h3 class=\"wp-block-heading\">Mining contractors<\/h3>\n\n\n\n<p>Any mining contractor that meets the eligibility criteria and to which the Board of directors, on request, grants the status of Category B member.<\/p>\n\n\n\n<div class=\"imedia-accordion collapsed\"><button role=\"button\" class=\"imedia-accordion__title\">Advantages\/services available:<\/button><div class=\"imedia-accordion__content\">\n<p>1 seat on the Board of Directors;<br>Voting member of the Board of Directors;<br>Vote at annual general meetings;<br>Representation by the QMA on major issues;<br>Support from the QMA for its activities (training, information, etc.);<br>Possibility of joining its working committees;<br>Access to training sessions and seminars;<br>Access to compliance audits;<br>Access to networking activities;<br>Complete access for reserved members section on the website;<br>Subscription to newsletters and other news items sent to members;<br>Visibility on the QMA website;<br>Reduced rate for QMA activities.<\/p>\n<\/div><\/div>\n\n\n\n<div class=\"imedia-accordion collapsed\"><button role=\"button\" class=\"imedia-accordion__title\">Annual fee<\/button><div class=\"imedia-accordion__content\">\n<p>The annual fee is based on the total payroll subject to assessment at the CNESST.<\/p>\n<\/div><\/div>\n\n\n\n<div style=\"height:100px\" aria-hidden=\"true\" class=\"wp-block-spacer\"><\/div>\n\n\n\n<h3 class=\"wp-block-heading\">Exploration companies, mining projects and mines in the process of final closure<\/h3>\n\n\n\n<p>Any legal person involved in mineral exploration, mining projects or final closure of mines that meets the eligibility criteria and to which the Board, on request, grants the status of Category C member.<\/p>\n\n\n\n<p><\/p>\n\n\n\n<div class=\"imedia-accordion collapsed\"><button role=\"button\" class=\"imedia-accordion__title\">Advantages\/services available:<\/button><div class=\"imedia-accordion__content\">\n<p>1 seat on the Board of Directors;<br>Voting member of the Board of Directors;<br>Vote at annual general meetings;<br>Representation by the QMA on major issues;<br>Support from the QMA for its activities (training, information, etc.);<br>Possibility of joining a committee;<br>Access to training sessions and seminars;<br>Access to compliance audits;<br>Access to networking activities;<br>Complete access for reserved members section on the website;<br>Subscription to newsletters and other news items sent to members;<br>Visibility on the QMA website;<br>Reduced rate for QMA activities.<\/p>\n<\/div><\/div>\n\n\n\n<div class=\"imedia-accordion collapsed\"><button role=\"button\" class=\"imedia-accordion__title\">Annual fee<\/button><div class=\"imedia-accordion__content\">\n<p>The annual fee is based on the total payroll subject to assessment at the CNESST.<\/p>\n<\/div><\/div>\n\n\n\n<div style=\"height:100px\" aria-hidden=\"true\" class=\"wp-block-spacer\"><\/div>\n\n\n\n<h3 class=\"wp-block-heading\">Institutions and non-profit organizations<\/h3>\n\n\n\n<p>Any institution or organization (non-profit ) whose mission is connected to the mining industry, a research and technological innovation center, an incubator facility, a Chair, an education institution (vocational , college or university ), whose mission is related to the mining industry, which complies with the eligibility criteria and that the Board, on request, grants category D member status.<\/p>\n\n\n\n<div class=\"imedia-accordion collapsed\"><button role=\"button\" class=\"imedia-accordion__title\">Advantages\/services available:<\/button><div class=\"imedia-accordion__content\">\n<p>Possibility of observer status on the Board of Directors;<br>Vote at the annual general meeting;<br>Possibility of joint a committee, if invited by the chair;<br>Access to symposiums;<br>Access to networking activities;<br>Limited access for reserved members section on the website;<br>Subscription to newsletters and other new items sent to members;<br>Visibility on the QMA website;<br>Tarif r\u00e9duit pour les activit\u00e9s de l\u2019AMQReduced rate for QMA activities.<\/p>\n<\/div><\/div>\n\n\n\n<div class=\"imedia-accordion collapsed\"><button role=\"button\" class=\"imedia-accordion__title\">Annual fee<\/button><div class=\"imedia-accordion__content\">\n<p>The fee is established at $ 1 000 per year.<\/p>\n<\/div><\/div>\n\n\n\n<div style=\"height:100px\" aria-hidden=\"true\" class=\"wp-block-spacer\"><\/div>\n\n\n\n<h3 class=\"wp-block-heading\">Suppliers of goods and services<\/h3>\n\n\n\n<p>Any supplier of products and technical services (geophysical and surveying services, etc.), professional services (law firms, accounting firms, geology firms, engineering firms, etc.), financial services (investment funds, financial institutions, capital development institutions), or energy transportation services, whose mission is connected with the mining industry, that meets the eligibility criteria and to which the Board, on request, grants the status of Category E member.<\/p>\n\n\n\n<div class=\"imedia-accordion collapsed\"><button role=\"button\" class=\"imedia-accordion__title\">Advantages\/services available:<\/button><div class=\"imedia-accordion__content\">\n<p>Possibility of observer status on the Board of Directors;<br>Vote at annual general meetings;<br>Possibility of joining a committee, if invited by the chair;<br>Access to symposiums;<br>Access to networking activities;<br>Complete access for reserved members section on the website;<br>Subscription to newsletters and other news items sent to members;<br>Visibility on the QMA website;<br>Reduced rate for QMA activities.<\/p>\n<\/div><\/div>\n\n\n\n<div class=\"imedia-accordion collapsed\"><button role=\"button\" class=\"imedia-accordion__title\">Annual fee<\/button><div class=\"imedia-accordion__content\">\n<p>The fee is established at $ 3 000 per year.<\/p>\n<\/div><\/div>\n\n\n\n<div style=\"height:100px\" aria-hidden=\"true\" class=\"wp-block-spacer\"><\/div>\n\n\n\n<h3 class=\"wp-block-heading\">Other partners<\/h3>\n\n\n\n<p>Any legal person that is an industry partner and does not qualify in another category of members, that meets the eligibility criteria and to which the Board, on request, grants the status of Category F member.<\/p>\n\n\n\n<div class=\"imedia-accordion collapsed\"><button role=\"button\" class=\"imedia-accordion__title\">Advantages\/services available:<\/button><div class=\"imedia-accordion__content\">\n<p>Possibility of observer status on the Board of Directors;<br>Vote at annual general meetings;<br>Possibility of joining a committee, on payment of a financial contribution;<br>Access to symposiums;<br>Access to networking activities;<br>Complete access for reserved members section on the website;<br>Subscription to newsletters and other news items sent to members;<br>Visibility on the QMA website;<br>Reduced rate for QMA activities.<\/p>\n<\/div><\/div>\n\n\n\n<div class=\"imedia-accordion collapsed\"><button role=\"button\" class=\"imedia-accordion__title\">Annual fee<\/button><div class=\"imedia-accordion__content\">\n<p>The fee is established at $ 5 000 per year.<\/p>\n<\/div><\/div>\n","protected":false},"excerpt":{"rendered":"<p>Members The Qu\u00e9bec Mining Association has a membership of around sixty mining companies. Since 1936, the QMA has represented mining [&hellip;]<\/p>\n","protected":false},"author":1,"featured_media":0,"parent":0,"menu_order":0,"comment_status":"closed","ping_status":"closed","template":"template-become-member.php","meta":{"_acf_changed":false,"footnotes":""},"class_list":["post-401","page","type-page","status-publish","hentry"],"acf":[],"yoast_head":"<!-- This site is optimized with the Yoast SEO plugin v27.5 - https:\/\/yoast.com\/product\/yoast-seo-wordpress\/ -->\n<title>Become a member - Association Mini\u00e8re du Qu\u00e9bec<\/title>\n<meta name=\"robots\" content=\"index, follow, max-snippet:-1, max-image-preview:large, max-video-preview:-1\" \/>\n<link rel=\"canonical\" href=\"https:\/\/amq-inc.com\/en\/become-a-member\/\" \/>\n<meta property=\"og:locale\" content=\"en_US\" \/>\n<meta property=\"og:type\" content=\"article\" \/>\n<meta property=\"og:title\" content=\"Become a member - Association Mini\u00e8re du Qu\u00e9bec\" \/>\n<meta property=\"og:description\" content=\"Members The Qu\u00e9bec Mining Association has a membership of around sixty mining companies. Since 1936, the QMA has represented mining [&hellip;]\" \/>\n<meta property=\"og:url\" content=\"https:\/\/amq-inc.com\/en\/become-a-member\/\" \/>\n<meta property=\"og:site_name\" content=\"Association Mini\u00e8re du Qu\u00e9bec\" \/>\n<meta property=\"article:modified_time\" content=\"2023-02-24T14:10:00+00:00\" \/>\n<meta property=\"og:image\" content=\"https:\/\/amq-inc.com\/wp-content\/uploads\/2022\/09\/amq-og.jpg\" \/>\n\t<meta property=\"og:image:width\" content=\"2400\" \/>\n\t<meta property=\"og:image:height\" content=\"1260\" \/>\n\t<meta property=\"og:image:type\" content=\"image\/jpeg\" \/>\n<meta name=\"twitter:card\" content=\"summary_large_image\" \/>\n<meta name=\"twitter:label1\" content=\"Est. reading time\" \/>\n\t<meta name=\"twitter:data1\" content=\"5 minutes\" \/>\n<!-- \/ Yoast SEO plugin. -->","yoast_head_json":{"title":"Become a member - Association Mini\u00e8re du Qu\u00e9bec","robots":{"index":"index","follow":"follow","max-snippet":"max-snippet:-1","max-image-preview":"max-image-preview:large","max-video-preview":"max-video-preview:-1"},"canonical":"https:\/\/amq-inc.com\/en\/become-a-member\/","og_locale":"en_US","og_type":"article","og_title":"Become a member - Association Mini\u00e8re du Qu\u00e9bec","og_description":"Members The Qu\u00e9bec Mining Association has a membership of around sixty mining companies. Since 1936, the QMA has represented mining [&hellip;]","og_url":"https:\/\/amq-inc.com\/en\/become-a-member\/","og_site_name":"Association Mini\u00e8re du Qu\u00e9bec","article_modified_time":"2023-02-24T14:10:00+00:00","og_image":[{"width":2400,"height":1260,"url":"https:\/\/amq-inc.com\/wp-content\/uploads\/2022\/09\/amq-og.jpg","type":"image\/jpeg"}],"twitter_card":"summary_large_image","twitter_misc":{"Est. reading time":"5 minutes"},"schema":{"@context":"https:\/\/schema.org","@graph":[{"@type":"WebPage","@id":"https:\/\/amq-inc.com\/en\/become-a-member\/","url":"https:\/\/amq-inc.com\/en\/become-a-member\/","name":"Become a member - Association Mini\u00e8re du Qu\u00e9bec","isPartOf":{"@id":"https:\/\/amq-inc.com\/en\/#website"},"datePublished":"2022-08-18T00:01:04+00:00","dateModified":"2023-02-24T14:10:00+00:00","breadcrumb":{"@id":"https:\/\/amq-inc.com\/en\/become-a-member\/#breadcrumb"},"inLanguage":"en-US","potentialAction":[{"@type":"ReadAction","target":["https:\/\/amq-inc.com\/en\/become-a-member\/"]}]},{"@type":"BreadcrumbList","@id":"https:\/\/amq-inc.com\/en\/become-a-member\/#breadcrumb","itemListElement":[{"@type":"ListItem","position":1,"name":"Accueil","item":"https:\/\/amq-inc.com\/en\/"},{"@type":"ListItem","position":2,"name":"Become a member"}]},{"@type":"WebSite","@id":"https:\/\/amq-inc.com\/en\/#website","url":"https:\/\/amq-inc.com\/en\/","name":"Association Mini\u00e8re du Qu\u00e9bec","description":"","publisher":{"@id":"https:\/\/amq-inc.com\/en\/#organization"},"potentialAction":[{"@type":"SearchAction","target":{"@type":"EntryPoint","urlTemplate":"https:\/\/amq-inc.com\/en\/?s={search_term_string}"},"query-input":{"@type":"PropertyValueSpecification","valueRequired":true,"valueName":"search_term_string"}}],"inLanguage":"en-US"},{"@type":"Organization","@id":"https:\/\/amq-inc.com\/en\/#organization","name":"Association Mini\u00e8re du Qu\u00e9bec","url":"https:\/\/amq-inc.com\/en\/","logo":{"@type":"ImageObject","inLanguage":"en-US","@id":"https:\/\/amq-inc.com\/en\/#\/schema\/logo\/image\/","url":"https:\/\/amq-inc.com\/wp-content\/uploads\/2022\/05\/amq-logo.png","contentUrl":"https:\/\/amq-inc.com\/wp-content\/uploads\/2022\/05\/amq-logo.png","width":1200,"height":529,"caption":"Association Mini\u00e8re du Qu\u00e9bec"},"image":{"@id":"https:\/\/amq-inc.com\/en\/#\/schema\/logo\/image\/"}}]}},"_links":{"self":[{"href":"https:\/\/amq-inc.com\/en\/wp-json\/wp\/v2\/pages\/401","targetHints":{"allow":["GET"]}}],"collection":[{"href":"https:\/\/amq-inc.com\/en\/wp-json\/wp\/v2\/pages"}],"about":[{"href":"https:\/\/amq-inc.com\/en\/wp-json\/wp\/v2\/types\/page"}],"author":[{"embeddable":true,"href":"https:\/\/amq-inc.com\/en\/wp-json\/wp\/v2\/users\/1"}],"replies":[{"embeddable":true,"href":"https:\/\/amq-inc.com\/en\/wp-json\/wp\/v2\/comments?post=401"}],"version-history":[{"count":2,"href":"https:\/\/amq-inc.com\/en\/wp-json\/wp\/v2\/pages\/401\/revisions"}],"predecessor-version":[{"id":2142,"href":"https:\/\/amq-inc.com\/en\/wp-json\/wp\/v2\/pages\/401\/revisions\/2142"}],"wp:attachment":[{"href":"https:\/\/amq-inc.com\/en\/wp-json\/wp\/v2\/media?parent=401"}],"curies":[{"name":"wp","href":"https:\/\/api.w.org\/{rel}","templated":true}]}}